{"id":15692,"date":"2023-11-09T17:14:40","date_gmt":"2023-11-09T16:14:40","guid":{"rendered":"https:\/\/moroccb.cluster028.hosting.ovh.net\/index.php\/produit\/art-produit-3\/"},"modified":"2025-09-20T03:11:38","modified_gmt":"2025-09-20T01:11:38","slug":"art-produit-3","status":"publish","type":"product","link":"https:\/\/moroccan-artistana.com\/index.php\/produit\/art-produit-3\/","title":{"rendered":"T-shirt \u00ab\u00a0Az el khil mrabetha"},"content":{"rendered":"","protected":false},"excerpt":{"rendered":"<p>Art port\u00e9 \u00ab\u00a0Az el khil mrabetha\u00a0\u00bb sur t-shirt. Une fa\u00e7on de rendre hommage \u00e0 la tradition orale marocaine qui \u00e0 permis \u00e0 des g\u00e9n\u00e9rations de transmettre ces phrases de sagesse que nos anciens nous ont l\u00e9gu\u00e9s. Ce proverbe signifie pour l&rsquo;artiste @lamiabylamia qu&rsquo;il est important de connaitre et respecter ses limites et celles des autres pour une vie honnorable.<\/p>\n","protected":false},"featured_media":15676,"comment_status":"open","ping_status":"closed","template":"","meta":[],"product_brand":[],"product_cat":[74],"product_tag":[],"class_list":{"0":"post-15692","1":"product","2":"type-product","3":"status-publish","4":"has-post-thumbnail","6":"product_cat-art","8":"first","9":"instock","10":"shipping-taxable","11":"purchasable","12":"product-type-simple"},"_links":{"self":[{"href":"https:\/\/moroccan-artistana.com\/index.php\/wp-json\/wp\/v2\/product\/15692","targetHints":{"allow":["GET"]}}],"collection":[{"href":"https:\/\/moroccan-artistana.com\/index.php\/wp-json\/wp\/v2\/product"}],"about":[{"href":"https:\/\/moroccan-artistana.com\/index.php\/wp-json\/wp\/v2\/types\/product"}],"replies":[{"embeddable":true,"href":"https:\/\/moroccan-artistana.com\/index.php\/wp-json\/wp\/v2\/comments?post=15692"}],"version-history":[{"count":4,"href":"https:\/\/moroccan-artistana.com\/index.php\/wp-json\/wp\/v2\/product\/15692\/revisions"}],"predecessor-version":[{"id":15898,"href":"https:\/\/moroccan-artistana.com\/index.php\/wp-json\/wp\/v2\/product\/15692\/revisions\/15898"}],"wp:featuredmedia":[{"embeddable":true,"href":"https:\/\/moroccan-artistana.com\/index.php\/wp-json\/wp\/v2\/media\/15676"}],"wp:attachment":[{"href":"https:\/\/moroccan-artistana.com\/index.php\/wp-json\/wp\/v2\/media?parent=15692"}],"wp:term":[{"taxonomy":"product_brand","embeddable":true,"href":"https:\/\/moroccan-artistana.com\/index.php\/wp-json\/wp\/v2\/product_brand?post=15692"},{"taxonomy":"product_cat","embeddable":true,"href":"https:\/\/moroccan-artistana.com\/index.php\/wp-json\/wp\/v2\/product_cat?post=15692"},{"taxonomy":"product_tag","embeddable":true,"href":"https:\/\/moroccan-artistana.com\/index.php\/wp-json\/wp\/v2\/product_tag?post=15692"}],"curies":[{"name":"wp","href":"https:\/\/api.w.org\/{rel}","templated":true}]}}