{"id":15822,"date":"2023-11-11T15:53:37","date_gmt":"2023-11-11T14:53:37","guid":{"rendered":"https:\/\/moroccb.cluster028.hosting.ovh.net\/?page_id=15822"},"modified":"2023-11-25T14:58:56","modified_gmt":"2023-11-25T13:58:56","slug":"moroccan-artists","status":"publish","type":"page","link":"https:\/\/moroccan-artistana.com\/index.php\/moroccan-artists\/","title":{"rendered":"M\u2019Rocking Artistanas"},"content":{"rendered":"\t\t<div data-elementor-type=\"wp-page\" data-elementor-id=\"15822\" class=\"elementor elementor-15822\">\n\t\t\t\t\t\t<section class=\"elementor-section elementor-top-section elementor-element elementor-element-cc85a95 elementor-reverse-tablet elementor-reverse-mobile elementor-section-boxed elementor-section-height-default elementor-section-height-default wd-section-disabled\" data-id=\"cc85a95\" data-element_type=\"section\">\n\t\t\t\t\t\t<div class=\"elementor-container elementor-column-gap-default\">\n\t\t\t\t\t<div class=\"elementor-column elementor-col-50 elementor-top-column elementor-element elementor-element-9a87354\" data-id=\"9a87354\" data-element_type=\"column\">\n\t\t\t<div class=\"elementor-widget-wrap elementor-element-populated\">\n\t\t\t\t\t\t<div class=\"elementor-element elementor-element-43194a2 elementor-widget elementor-widget-wd_image_or_svg\" data-id=\"43194a2\" data-element_type=\"widget\" data-widget_type=\"wd_image_or_svg.default\">\n\t\t\t\t<div class=\"elementor-widget-container\">\n\t\t\t\t\t\n\t\t<div class=\"wd-image text-center\">\n\t\t\t\t\t\t\t\t<img fetchpriority=\"high\" decoding=\"async\" width=\"800\" height=\"800\" src=\"https:\/\/moroccan-artistana.com\/wp-content\/uploads\/2023\/11\/Untitled_750_x_1100_px_1_800x.webp\" class=\"attachment-full size-full\" alt=\"\" srcset=\"https:\/\/moroccan-artistana.com\/wp-content\/uploads\/2023\/11\/Untitled_750_x_1100_px_1_800x.webp 800w, https:\/\/moroccan-artistana.com\/wp-content\/uploads\/2023\/11\/Untitled_750_x_1100_px_1_800x-300x300.webp 300w, https:\/\/moroccan-artistana.com\/wp-content\/uploads\/2023\/11\/Untitled_750_x_1100_px_1_800x-150x150.webp 150w, https:\/\/moroccan-artistana.com\/wp-content\/uploads\/2023\/11\/Untitled_750_x_1100_px_1_800x-768x768.webp 768w, https:\/\/moroccan-artistana.com\/wp-content\/uploads\/2023\/11\/Untitled_750_x_1100_px_1_800x-430x430.webp 430w, https:\/\/moroccan-artistana.com\/wp-content\/uploads\/2023\/11\/Untitled_750_x_1100_px_1_800x-700x700.webp 700w\" sizes=\"(max-width: 800px) 100vw, 800px\" \/>\t\t\t\t\t<\/div>\n\n\t\t\t\t\t\t<\/div>\n\t\t\t\t<\/div>\n\t\t\t\t\t<\/div>\n\t\t<\/div>\n\t\t\t\t<div class=\"elementor-column elementor-col-50 elementor-top-column elementor-element elementor-element-0565d3b\" data-id=\"0565d3b\" data-element_type=\"column\">\n\t\t\t<div class=\"elementor-widget-wrap elementor-element-populated\">\n\t\t\t\t\t\t<div class=\"elementor-element elementor-element-3d9c56f elementor-widget elementor-widget-wd_title\" data-id=\"3d9c56f\" data-element_type=\"widget\" data-widget_type=\"wd_title.default\">\n\t\t\t\t<div class=\"elementor-widget-container\">\n\t\t\t\t\t\t\t<div class=\"title-wrapper set-mb-s reset-last-child wd-title-color-primary wd-title-style-default wd-title-size-large text-left\">\n\n\t\t\t\t\t\t\t<div class=\"title-subtitle subtitle-color-primary subtitle-style-default wd-fontsize-xs\">\n\t\t\t\t\tMOROCCAN ARTISTES \t\t\t\t<\/div>\n\t\t\t\n\t\t\t<div class=\"liner-continer\">\n\t\t\t\t<h4 class=\"woodmart-title-container title wd-fontsize-xxl\">Bio<\/h4> \n\t\t\t\t\t\t\t<\/div>\n\n\t\t\t\t\t<\/div>\n\t\t\t\t\t\t<\/div>\n\t\t\t\t<\/div>\n\t\t\t\t<div class=\"elementor-element elementor-element-5138b0d elementor-widget elementor-widget-wd_text_block\" data-id=\"5138b0d\" data-element_type=\"widget\" data-widget_type=\"wd_text_block.default\">\n\t\t\t\t<div class=\"elementor-widget-container\">\n\t\t\t\t\t\t\t<div class=\"wd-text-block reset-last-child text-left\">\n\t\t\t\n\t\t\t<p>Pour chaque mat\u00e9riau naturel, il existe une tradition marocaine consistant \u00e0 le travailler \u00e0 la main pour l'enrichir d'un savoir-faire artisanal. <br \/><br \/>Les artisans marocains mettent tout leur c\u0153ur et leur \u00e2me dans leur travail, souvent dans des ateliers familiaux o\u00f9 le savoir-faire artisanal et les motifs traditionnels sont transmis de g\u00e9n\u00e9ration en g\u00e9n\u00e9ration.<br \/><br \/>L\u2019artisanat marocain fait ressortir le meilleur du savoir-faire des artisans ainsi que les qualit\u00e9s des mati\u00e8res premi\u00e8res telles que la laine, le cuir, l\u2019argile et le laiton. <br \/><br \/>Cette utilisation de mat\u00e9riaux simples signifie \u00e9galement que leurs produits dureront et vieilliront avec \u00e9l\u00e9gance.<\/p>\n\t\t\t\t\t<\/div>\n\t\t\t\t\t\t<\/div>\n\t\t\t\t<\/div>\n\t\t\t\t<section class=\"elementor-section elementor-inner-section elementor-element elementor-element-c691db5 elementor-section-boxed elementor-section-height-default elementor-section-height-default wd-section-disabled\" data-id=\"c691db5\" data-element_type=\"section\">\n\t\t\t\t\t\t<div class=\"elementor-container elementor-column-gap-default\">\n\t\t\t\t\t<div class=\"elementor-column elementor-col-100 elementor-inner-column elementor-element elementor-element-2409e16\" data-id=\"2409e16\" data-element_type=\"column\">\n\t\t\t<div class=\"elementor-widget-wrap elementor-element-populated\">\n\t\t\t\t\t\t<div class=\"elementor-element elementor-element-97a9a0e elementor-widget__width-auto elementor-widget elementor-widget-wd_text_block\" data-id=\"97a9a0e\" data-element_type=\"widget\" data-widget_type=\"wd_text_block.default\">\n\t\t\t\t<div class=\"elementor-widget-container\">\n\t\t\t\t\t\t\t<div class=\"wd-text-block reset-last-child text-left\">\n\t\t\t\n\t\t\t<p>Moroccan Artistana @ 2023<\/p>\n\t\t\t\t\t<\/div>\n\t\t\t\t\t\t<\/div>\n\t\t\t\t<\/div>\n\t\t\t\t<div class=\"elementor-element elementor-element-d51d18c elementor-widget__width-auto elementor-hidden-phone elementor-widget elementor-widget-wd_social_buttons\" data-id=\"d51d18c\" data-element_type=\"widget\" data-widget_type=\"wd_social_buttons.default\">\n\t\t\t\t<div class=\"elementor-widget-container\">\n\t\t\t\t\t\n\t\t\t<div class=\" wd-social-icons icons-design-colored-alt icons-size-small color-scheme-dark social-share social-form-circle text-left\">\n\n\t\t\t\t\n\t\t\t\t\t\t\t\t\t<a rel=\"noopener noreferrer nofollow\" href=\"https:\/\/www.facebook.com\/sharer\/sharer.php?u=https:\/\/moroccan-artistana.com\/index.php\/moroccan-artists\/\" target=\"_blank\" class=\" wd-social-icon social-facebook\" aria-label=\"Facebook social link\">\n\t\t\t\t\t\t<span class=\"wd-icon\"><\/span>\n\t\t\t\t\t\t\t\t\t\t\t<\/a>\n\t\t\t\t\n\t\t\t\t\n\t\t\t\t\n\t\t\t\t\n\t\t\t\t\n\t\t\t\t\t\t\t\t\t<a rel=\"noopener noreferrer nofollow\" href=\"https:\/\/pinterest.com\/pin\/create\/button\/?url=https:\/\/moroccan-artistana.com\/index.php\/moroccan-artists\/&media=https:\/\/moroccan-artistana.com\/wp-includes\/images\/media\/default.svg&description=M%E2%80%99Rocking+Artistanas\" target=\"_blank\" class=\" wd-social-icon social-pinterest\" aria-label=\"Pinterest social link\">\n\t\t\t\t\t\t<span class=\"wd-icon\"><\/span>\n\t\t\t\t\t\t\t\t\t\t\t<\/a>\n\t\t\t\t\n\t\t\t\t\n\t\t\t\t\n\t\t\t\t\n\t\t\t\t\n\t\t\t\t\n\t\t\t\t\n\t\t\t\t\n\t\t\t\t\n\t\t\t\t\n\t\t\t\t\n\t\t\t\t\n\t\t\t\t\t\t\t\t\n\t\t\t\t\t\t\t\t\n\t\t\t\t\n\t\t\t\t\n\t\t\t\t\t\t\t\t\n\t\t\t\t\n\t\t\t<\/div>\n\n\t\t\t\t\t\t<\/div>\n\t\t\t\t<\/div>\n\t\t\t\t\t<\/div>\n\t\t<\/div>\n\t\t\t\t\t<\/div>\n\t\t<\/section>\n\t\t\t\t\t<\/div>\n\t\t<\/div>\n\t\t\t\t\t<\/div>\n\t\t<\/section>\n\t\t\t\t<section class=\"elementor-section elementor-top-section elementor-element elementor-element-41f14e0 elementor-reverse-tablet elementor-reverse-mobile elementor-section-boxed elementor-section-height-default elementor-section-height-default wd-section-disabled\" data-id=\"41f14e0\" data-element_type=\"section\">\n\t\t\t\t\t\t<div class=\"elementor-container elementor-column-gap-default\">\n\t\t\t\t\t<div class=\"elementor-column elementor-col-50 elementor-top-column elementor-element elementor-element-1d1c376\" data-id=\"1d1c376\" data-element_type=\"column\">\n\t\t\t<div class=\"elementor-widget-wrap elementor-element-populated\">\n\t\t\t\t\t\t<div class=\"elementor-element elementor-element-6548fcd elementor-widget elementor-widget-wd_title\" data-id=\"6548fcd\" data-element_type=\"widget\" data-widget_type=\"wd_title.default\">\n\t\t\t\t<div class=\"elementor-widget-container\">\n\t\t\t\t\t\t\t<div class=\"title-wrapper set-mb-s reset-last-child wd-title-color-primary wd-title-style-default wd-title-size-large text-left\">\n\n\t\t\t\t\t\t\t<div class=\"title-subtitle subtitle-color-primary subtitle-style-default wd-fontsize-xs\">\n\t\t\t\t\tMOROCCAN ARTISTES \t\t\t\t<\/div>\n\t\t\t\n\t\t\t<div class=\"liner-continer\">\n\t\t\t\t<h4 class=\"woodmart-title-container title wd-fontsize-xxl\">Bio<\/h4> \n\t\t\t\t\t\t\t<\/div>\n\n\t\t\t\t\t<\/div>\n\t\t\t\t\t\t<\/div>\n\t\t\t\t<\/div>\n\t\t\t\t<div class=\"elementor-element elementor-element-7935ccb elementor-widget elementor-widget-wd_text_block\" data-id=\"7935ccb\" data-element_type=\"widget\" data-widget_type=\"wd_text_block.default\">\n\t\t\t\t<div class=\"elementor-widget-container\">\n\t\t\t\t\t\t\t<div class=\"wd-text-block reset-last-child text-left\">\n\t\t\t\n\t\t\t<p>Pour chaque mat\u00e9riau naturel, il existe une tradition marocaine consistant \u00e0 le travailler \u00e0 la main pour l'enrichir d'un savoir-faire artisanal. <br \/><br \/>Les artisans marocains mettent tout leur c\u0153ur et leur \u00e2me dans leur travail, souvent dans des ateliers familiaux o\u00f9 le savoir-faire artisanal et les motifs traditionnels sont transmis de g\u00e9n\u00e9ration en g\u00e9n\u00e9ration.<br \/><br \/>L\u2019artisanat marocain fait ressortir le meilleur du savoir-faire des artisans ainsi que les qualit\u00e9s des mati\u00e8res premi\u00e8res telles que la laine, le cuir, l\u2019argile et le laiton. <br \/><br \/>Cette utilisation de mat\u00e9riaux simples signifie \u00e9galement que leurs produits dureront et vieilliront avec \u00e9l\u00e9gance.<\/p>\n\t\t\t\t\t<\/div>\n\t\t\t\t\t\t<\/div>\n\t\t\t\t<\/div>\n\t\t\t\t<section class=\"elementor-section elementor-inner-section elementor-element elementor-element-ba789b4 elementor-section-boxed elementor-section-height-default elementor-section-height-default wd-section-disabled\" data-id=\"ba789b4\" data-element_type=\"section\">\n\t\t\t\t\t\t<div class=\"elementor-container elementor-column-gap-default\">\n\t\t\t\t\t<div class=\"elementor-column elementor-col-100 elementor-inner-column elementor-element elementor-element-2b8d4bd\" data-id=\"2b8d4bd\" data-element_type=\"column\">\n\t\t\t<div class=\"elementor-widget-wrap elementor-element-populated\">\n\t\t\t\t\t\t<div class=\"elementor-element elementor-element-fbb532d elementor-widget__width-auto elementor-widget elementor-widget-wd_text_block\" data-id=\"fbb532d\" data-element_type=\"widget\" data-widget_type=\"wd_text_block.default\">\n\t\t\t\t<div class=\"elementor-widget-container\">\n\t\t\t\t\t\t\t<div class=\"wd-text-block reset-last-child text-left\">\n\t\t\t\n\t\t\t<p>Moroccan Artistana @ 2023<\/p>\n\t\t\t\t\t<\/div>\n\t\t\t\t\t\t<\/div>\n\t\t\t\t<\/div>\n\t\t\t\t<div class=\"elementor-element elementor-element-1dcd699 elementor-widget__width-auto elementor-hidden-phone elementor-widget elementor-widget-wd_social_buttons\" data-id=\"1dcd699\" data-element_type=\"widget\" data-widget_type=\"wd_social_buttons.default\">\n\t\t\t\t<div class=\"elementor-widget-container\">\n\t\t\t\t\t\n\t\t\t<div class=\" wd-social-icons icons-design-colored-alt icons-size-small color-scheme-dark social-share social-form-circle text-left\">\n\n\t\t\t\t\n\t\t\t\t\t\t\t\t\t<a rel=\"noopener noreferrer nofollow\" href=\"https:\/\/www.facebook.com\/sharer\/sharer.php?u=https:\/\/moroccan-artistana.com\/index.php\/moroccan-artists\/\" target=\"_blank\" class=\" wd-social-icon social-facebook\" aria-label=\"Facebook social link\">\n\t\t\t\t\t\t<span class=\"wd-icon\"><\/span>\n\t\t\t\t\t\t\t\t\t\t\t<\/a>\n\t\t\t\t\n\t\t\t\t\n\t\t\t\t\n\t\t\t\t\n\t\t\t\t\n\t\t\t\t\t\t\t\t\t<a rel=\"noopener noreferrer nofollow\" href=\"https:\/\/pinterest.com\/pin\/create\/button\/?url=https:\/\/moroccan-artistana.com\/index.php\/moroccan-artists\/&media=https:\/\/moroccan-artistana.com\/wp-includes\/images\/media\/default.svg&description=M%E2%80%99Rocking+Artistanas\" target=\"_blank\" class=\" wd-social-icon social-pinterest\" aria-label=\"Pinterest social link\">\n\t\t\t\t\t\t<span class=\"wd-icon\"><\/span>\n\t\t\t\t\t\t\t\t\t\t\t<\/a>\n\t\t\t\t\n\t\t\t\t\n\t\t\t\t\n\t\t\t\t\n\t\t\t\t\n\t\t\t\t\n\t\t\t\t\n\t\t\t\t\n\t\t\t\t\n\t\t\t\t\n\t\t\t\t\n\t\t\t\t\n\t\t\t\t\t\t\t\t\n\t\t\t\t\t\t\t\t\n\t\t\t\t\n\t\t\t\t\n\t\t\t\t\t\t\t\t\n\t\t\t\t\n\t\t\t<\/div>\n\n\t\t\t\t\t\t<\/div>\n\t\t\t\t<\/div>\n\t\t\t\t\t<\/div>\n\t\t<\/div>\n\t\t\t\t\t<\/div>\n\t\t<\/section>\n\t\t\t\t\t<\/div>\n\t\t<\/div>\n\t\t\t\t<div class=\"elementor-column elementor-col-50 elementor-top-column elementor-element elementor-element-45e9f62\" data-id=\"45e9f62\" data-element_type=\"column\">\n\t\t\t<div class=\"elementor-widget-wrap elementor-element-populated\">\n\t\t\t\t\t\t<div class=\"elementor-element elementor-element-491a962 elementor-widget elementor-widget-wd_image_or_svg\" data-id=\"491a962\" data-element_type=\"widget\" data-widget_type=\"wd_image_or_svg.default\">\n\t\t\t\t<div class=\"elementor-widget-container\">\n\t\t\t\t\t\n\t\t<div class=\"wd-image text-center\">\n\t\t\t\t\t\t\t\t<img fetchpriority=\"high\" decoding=\"async\" width=\"800\" height=\"800\" src=\"https:\/\/moroccan-artistana.com\/wp-content\/uploads\/2023\/11\/Untitled_750_x_1100_px_1_800x.webp\" class=\"attachment-full size-full\" alt=\"\" srcset=\"https:\/\/moroccan-artistana.com\/wp-content\/uploads\/2023\/11\/Untitled_750_x_1100_px_1_800x.webp 800w, https:\/\/moroccan-artistana.com\/wp-content\/uploads\/2023\/11\/Untitled_750_x_1100_px_1_800x-300x300.webp 300w, https:\/\/moroccan-artistana.com\/wp-content\/uploads\/2023\/11\/Untitled_750_x_1100_px_1_800x-150x150.webp 150w, https:\/\/moroccan-artistana.com\/wp-content\/uploads\/2023\/11\/Untitled_750_x_1100_px_1_800x-768x768.webp 768w, https:\/\/moroccan-artistana.com\/wp-content\/uploads\/2023\/11\/Untitled_750_x_1100_px_1_800x-430x430.webp 430w, https:\/\/moroccan-artistana.com\/wp-content\/uploads\/2023\/11\/Untitled_750_x_1100_px_1_800x-700x700.webp 700w\" sizes=\"(max-width: 800px) 100vw, 800px\" \/>\t\t\t\t\t<\/div>\n\n\t\t\t\t\t\t<\/div>\n\t\t\t\t<\/div>\n\t\t\t\t\t<\/div>\n\t\t<\/div>\n\t\t\t\t\t<\/div>\n\t\t<\/section>\n\t\t\t\t<section class=\"elementor-section elementor-top-section elementor-element elementor-element-45d6b24 elementor-reverse-tablet elementor-reverse-mobile elementor-section-boxed elementor-section-height-default elementor-section-height-default wd-section-disabled\" data-id=\"45d6b24\" data-element_type=\"section\">\n\t\t\t\t\t\t<div class=\"elementor-container elementor-column-gap-default\">\n\t\t\t\t\t<div class=\"elementor-column elementor-col-50 elementor-top-column elementor-element elementor-element-ddd8682\" data-id=\"ddd8682\" data-element_type=\"column\">\n\t\t\t<div class=\"elementor-widget-wrap elementor-element-populated\">\n\t\t\t\t\t\t<div class=\"elementor-element elementor-element-c5ec672 elementor-widget elementor-widget-wd_image_or_svg\" data-id=\"c5ec672\" data-element_type=\"widget\" data-widget_type=\"wd_image_or_svg.default\">\n\t\t\t\t<div class=\"elementor-widget-container\">\n\t\t\t\t\t\n\t\t<div class=\"wd-image text-center\">\n\t\t\t\t\t\t\t\t<img fetchpriority=\"high\" decoding=\"async\" width=\"800\" height=\"800\" src=\"https:\/\/moroccan-artistana.com\/wp-content\/uploads\/2023\/11\/Untitled_750_x_1100_px_1_800x.webp\" class=\"attachment-full size-full\" alt=\"\" srcset=\"https:\/\/moroccan-artistana.com\/wp-content\/uploads\/2023\/11\/Untitled_750_x_1100_px_1_800x.webp 800w, https:\/\/moroccan-artistana.com\/wp-content\/uploads\/2023\/11\/Untitled_750_x_1100_px_1_800x-300x300.webp 300w, https:\/\/moroccan-artistana.com\/wp-content\/uploads\/2023\/11\/Untitled_750_x_1100_px_1_800x-150x150.webp 150w, https:\/\/moroccan-artistana.com\/wp-content\/uploads\/2023\/11\/Untitled_750_x_1100_px_1_800x-768x768.webp 768w, https:\/\/moroccan-artistana.com\/wp-content\/uploads\/2023\/11\/Untitled_750_x_1100_px_1_800x-430x430.webp 430w, https:\/\/moroccan-artistana.com\/wp-content\/uploads\/2023\/11\/Untitled_750_x_1100_px_1_800x-700x700.webp 700w\" sizes=\"(max-width: 800px) 100vw, 800px\" \/>\t\t\t\t\t<\/div>\n\n\t\t\t\t\t\t<\/div>\n\t\t\t\t<\/div>\n\t\t\t\t\t<\/div>\n\t\t<\/div>\n\t\t\t\t<div class=\"elementor-column elementor-col-50 elementor-top-column elementor-element elementor-element-231b3a7\" data-id=\"231b3a7\" data-element_type=\"column\">\n\t\t\t<div class=\"elementor-widget-wrap elementor-element-populated\">\n\t\t\t\t\t\t<div class=\"elementor-element elementor-element-65a4f30 elementor-widget elementor-widget-wd_title\" data-id=\"65a4f30\" data-element_type=\"widget\" data-widget_type=\"wd_title.default\">\n\t\t\t\t<div class=\"elementor-widget-container\">\n\t\t\t\t\t\t\t<div class=\"title-wrapper set-mb-s reset-last-child wd-title-color-primary wd-title-style-default wd-title-size-large text-left\">\n\n\t\t\t\t\t\t\t<div class=\"title-subtitle subtitle-color-primary subtitle-style-default wd-fontsize-xs\">\n\t\t\t\t\tMOROCCAN ARTISTES \t\t\t\t<\/div>\n\t\t\t\n\t\t\t<div class=\"liner-continer\">\n\t\t\t\t<h4 class=\"woodmart-title-container title wd-fontsize-xxl\">Bio<\/h4> \n\t\t\t\t\t\t\t<\/div>\n\n\t\t\t\t\t<\/div>\n\t\t\t\t\t\t<\/div>\n\t\t\t\t<\/div>\n\t\t\t\t<div class=\"elementor-element elementor-element-9cb3ddb elementor-widget elementor-widget-wd_text_block\" data-id=\"9cb3ddb\" data-element_type=\"widget\" data-widget_type=\"wd_text_block.default\">\n\t\t\t\t<div class=\"elementor-widget-container\">\n\t\t\t\t\t\t\t<div class=\"wd-text-block reset-last-child text-left\">\n\t\t\t\n\t\t\t<p>Pour chaque mat\u00e9riau naturel, il existe une tradition marocaine consistant \u00e0 le travailler \u00e0 la main pour l'enrichir d'un savoir-faire artisanal. <br \/><br \/>Les artisans marocains mettent tout leur c\u0153ur et leur \u00e2me dans leur travail, souvent dans des ateliers familiaux o\u00f9 le savoir-faire artisanal et les motifs traditionnels sont transmis de g\u00e9n\u00e9ration en g\u00e9n\u00e9ration.<br \/><br \/>L\u2019artisanat marocain fait ressortir le meilleur du savoir-faire des artisans ainsi que les qualit\u00e9s des mati\u00e8res premi\u00e8res telles que la laine, le cuir, l\u2019argile et le laiton. <br \/><br \/>Cette utilisation de mat\u00e9riaux simples signifie \u00e9galement que leurs produits dureront et vieilliront avec \u00e9l\u00e9gance.<\/p>\n\t\t\t\t\t<\/div>\n\t\t\t\t\t\t<\/div>\n\t\t\t\t<\/div>\n\t\t\t\t<section class=\"elementor-section elementor-inner-section elementor-element elementor-element-b8a1c48 elementor-section-boxed elementor-section-height-default elementor-section-height-default wd-section-disabled\" data-id=\"b8a1c48\" data-element_type=\"section\">\n\t\t\t\t\t\t<div class=\"elementor-container elementor-column-gap-default\">\n\t\t\t\t\t<div class=\"elementor-column elementor-col-100 elementor-inner-column elementor-element elementor-element-608a968\" data-id=\"608a968\" data-element_type=\"column\">\n\t\t\t<div class=\"elementor-widget-wrap elementor-element-populated\">\n\t\t\t\t\t\t<div class=\"elementor-element elementor-element-cd61a62 elementor-widget__width-auto elementor-widget elementor-widget-wd_text_block\" data-id=\"cd61a62\" data-element_type=\"widget\" data-widget_type=\"wd_text_block.default\">\n\t\t\t\t<div class=\"elementor-widget-container\">\n\t\t\t\t\t\t\t<div class=\"wd-text-block reset-last-child text-left\">\n\t\t\t\n\t\t\t<p>Moroccan Artistana @ 2023<\/p>\n\t\t\t\t\t<\/div>\n\t\t\t\t\t\t<\/div>\n\t\t\t\t<\/div>\n\t\t\t\t<div class=\"elementor-element elementor-element-8e010e4 elementor-widget__width-auto elementor-hidden-phone elementor-widget elementor-widget-wd_social_buttons\" data-id=\"8e010e4\" data-element_type=\"widget\" data-widget_type=\"wd_social_buttons.default\">\n\t\t\t\t<div class=\"elementor-widget-container\">\n\t\t\t\t\t\n\t\t\t<div class=\" wd-social-icons icons-design-colored-alt icons-size-small color-scheme-dark social-share social-form-circle text-left\">\n\n\t\t\t\t\n\t\t\t\t\t\t\t\t\t<a rel=\"noopener noreferrer nofollow\" href=\"https:\/\/www.facebook.com\/sharer\/sharer.php?u=https:\/\/moroccan-artistana.com\/index.php\/moroccan-artists\/\" target=\"_blank\" class=\" wd-social-icon social-facebook\" aria-label=\"Facebook social link\">\n\t\t\t\t\t\t<span class=\"wd-icon\"><\/span>\n\t\t\t\t\t\t\t\t\t\t\t<\/a>\n\t\t\t\t\n\t\t\t\t\n\t\t\t\t\n\t\t\t\t\n\t\t\t\t\n\t\t\t\t\t\t\t\t\t<a rel=\"noopener noreferrer nofollow\" href=\"https:\/\/pinterest.com\/pin\/create\/button\/?url=https:\/\/moroccan-artistana.com\/index.php\/moroccan-artists\/&media=https:\/\/moroccan-artistana.com\/wp-includes\/images\/media\/default.svg&description=M%E2%80%99Rocking+Artistanas\" target=\"_blank\" class=\" wd-social-icon social-pinterest\" aria-label=\"Pinterest social link\">\n\t\t\t\t\t\t<span class=\"wd-icon\"><\/span>\n\t\t\t\t\t\t\t\t\t\t\t<\/a>\n\t\t\t\t\n\t\t\t\t\n\t\t\t\t\n\t\t\t\t\n\t\t\t\t\n\t\t\t\t\n\t\t\t\t\n\t\t\t\t\n\t\t\t\t\n\t\t\t\t\n\t\t\t\t\n\t\t\t\t\n\t\t\t\t\t\t\t\t\n\t\t\t\t\t\t\t\t\n\t\t\t\t\n\t\t\t\t\n\t\t\t\t\t\t\t\t\n\t\t\t\t\n\t\t\t<\/div>\n\n\t\t\t\t\t\t<\/div>\n\t\t\t\t<\/div>\n\t\t\t\t\t<\/div>\n\t\t<\/div>\n\t\t\t\t\t<\/div>\n\t\t<\/section>\n\t\t\t\t\t<\/div>\n\t\t<\/div>\n\t\t\t\t\t<\/div>\n\t\t<\/section>\n\t\t\t\t<\/div>\n\t\t","protected":false},"excerpt":{"rendered":"<p>MOROCCAN ARTISTES Bio Pour chaque mat\u00e9riau naturel, il existe une tradition marocaine consistant \u00e0 le travailler \u00e0 la main pour<\/p>\n","protected":false},"author":1,"featured_media":0,"parent":0,"menu_order":0,"comment_status":"closed","ping_status":"closed","template":"elementor_header_footer","meta":{"footnotes":""},"class_list":["post-15822","page","type-page","status-publish","hentry"],"_links":{"self":[{"href":"https:\/\/moroccan-artistana.com\/index.php\/wp-json\/wp\/v2\/pages\/15822","targetHints":{"allow":["GET"]}}],"collection":[{"href":"https:\/\/moroccan-artistana.com\/index.php\/wp-json\/wp\/v2\/pages"}],"about":[{"href":"https:\/\/moroccan-artistana.com\/index.php\/wp-json\/wp\/v2\/types\/page"}],"author":[{"embeddable":true,"href":"https:\/\/moroccan-artistana.com\/index.php\/wp-json\/wp\/v2\/users\/1"}],"replies":[{"embeddable":true,"href":"https:\/\/moroccan-artistana.com\/index.php\/wp-json\/wp\/v2\/comments?post=15822"}],"version-history":[{"count":14,"href":"https:\/\/moroccan-artistana.com\/index.php\/wp-json\/wp\/v2\/pages\/15822\/revisions"}],"predecessor-version":[{"id":15885,"href":"https:\/\/moroccan-artistana.com\/index.php\/wp-json\/wp\/v2\/pages\/15822\/revisions\/15885"}],"wp:attachment":[{"href":"https:\/\/moroccan-artistana.com\/index.php\/wp-json\/wp\/v2\/media?parent=15822"}],"curies":[{"name":"wp","href":"https:\/\/api.w.org\/{rel}","templated":true}]}}